{"id":804,"date":"2025-08-18T13:33:13","date_gmt":"2025-08-18T11:33:13","guid":{"rendered":"https:\/\/kbn.com.pl\/?page_id=804"},"modified":"2025-08-18T13:35:10","modified_gmt":"2025-08-18T11:35:10","slug":"kbn-business-club","status":"publish","type":"page","link":"https:\/\/kbn.com.pl\/en\/kbn-business-club\/","title":{"rendered":"KBN Business Club"},"content":{"rendered":"<div data-elementor-type=\"wp-page\" data-elementor-id=\"804\" class=\"elementor elementor-804\">\n\t\t\t\t\t\t<section class=\"elementor-section elementor-top-section elementor-element elementor-element-066597e elementor-section-boxed elementor-section-height-default elementor-section-height-default wpr-particle-no wpr-jarallax-no wpr-parallax-no wpr-sticky-section-no\" data-id=\"066597e\" data-element_type=\"section\">\n\t\t\t\t\t\t<div class=\"elementor-container elementor-column-gap-default\">\n\t\t\t\t\t<div class=\"elementor-column elementor-col-100 elementor-top-column elementor-element elementor-element-48b1119\" data-id=\"48b1119\" data-element_type=\"column\">\n\t\t\t<div class=\"elementor-widget-wrap elementor-element-populated\">\n\t\t\t\t\t\t<div class=\"elementor-element elementor-element-df27d79 elementor-widget elementor-widget-html\" data-id=\"df27d79\" data-element_type=\"widget\" data-widget_type=\"html.default\">\n\t\t\t\t<div class=\"elementor-widget-container\">\n\t\t\t<section class=\"kbn-subpage premium\">\r\n  <style>\r\n    .kbn-subpage.premium {font-family: 'Georgia', serif; line-height: 1.8; color: #222; background: #f8f8f8;}\r\n    .kbn-subpage.premium .kbn-hero {padding: 6rem 1rem; text-align: center; background: linear-gradient(135deg, #1c1c1c, #111); color: #e6e6e6; position: relative;}\r\n    .kbn-subpage.premium .kbn-hero::after {content: \"\"; position: absolute; top: 0; left: 0; width: 100%; height: 100%; background: url('https:\/\/www.transparenttextures.com\/patterns\/diamond-upholstery.png'); opacity: 0.05;}\r\n    .kbn-subpage.premium .kbn-hero h1 {font-size: 3rem; margin-bottom: 1rem; font-weight: 800; letter-spacing: 2px; color: gold; text-shadow: 0 0 10px rgba(255,215,0,0.5);}\r\n    .kbn-subpage.premium .kbn-hero p {max-width: 850px; margin: 0 auto; font-size: 1.25rem; opacity: 0.95;}\r\n    .kbn-subpage.premium .kbn-section {padding: 4rem 1rem; max-width: 1100px; margin: 0 auto; border-bottom: 1px solid #ddd;}\r\n    .kbn-subpage.premium .kbn-section h2 {font-size: 2rem; margin-bottom: 1rem; border-left: 6px solid gold; padding-left: 1rem; font-weight: 700;}\r\n    .kbn-subpage.premium .kbn-section p {margin-bottom: 1rem; font-size: 1.1rem;}\r\n    .kbn-subpage.premium .kbn-list {margin: 1.5rem 0; padding-left: 1.2rem; font-size: 1.05rem;}\r\n    .kbn-subpage.premium .kbn-list li {margin-bottom: 0.75rem;}\r\n    .kbn-subpage.premium .kbn-cta {text-align: center; padding: 5rem 1rem; background: linear-gradient(135deg, #111, #000); color: #fff;}\r\n    .kbn-subpage.premium .kbn-cta p {font-size: 1.3rem; margin-bottom: 1.5rem;}\r\n    .kbn-subpage.premium .kbn-cta a {display: inline-block; background: gold; color: #111; font-weight: bold; padding: 1.2rem 2.5rem; border-radius: 50px; text-decoration: none; transition: 0.3s; font-size: 1.1rem; box-shadow: 0 4px 12px rgba(0,0,0,0.4);}\r\n    .kbn-subpage.premium .kbn-cta a:hover {background: #e6b800; transform: translateY(-2px);}\r\n  <\/style>\r\n\r\n  <!-- Hero -->\r\n  <div class=\"kbn-hero\">\r\n    <h1>KBN Business Club<\/h1>\r\n    <p>Elitarny klub biznesowy dla deweloper\u00f3w, inwestor\u00f3w i lider\u00f3w rynku nieruchomo\u015bci \u2013 \u0142\u0105czymy pasj\u0119 z presti\u017cem i wyj\u0105tkowymi do\u015bwiadczeniami.<\/p>\r\n  <\/div>\r\n\r\n  <!-- Section 1 -->\r\n  <div class=\"kbn-section\">\r\n    <h2>Dlaczego warto?<\/h2>\r\n    <p>KBN Business Club to przestrze\u0144 dla wybitnych graczy rynku, kt\u00f3rzy ceni\u0105 ekskluzywno\u015b\u0107 i skuteczno\u015b\u0107.<\/p>\r\n    <ul class=\"kbn-list\">\r\n      <li><strong>Networking na najwy\u017cszym poziomie:<\/strong> kontakty z liderami bran\u017cy.<\/li>\r\n      <li><strong>Wiedza i inspiracja:<\/strong> wymiana do\u015bwiadcze\u0144 z najlepszymi.<\/li>\r\n      <li><strong>Styl \u017cycia premium:<\/strong> biznes spotyka si\u0119 z elegancj\u0105 i pasj\u0105.<\/li>\r\n    <\/ul>\r\n  <\/div>\r\n\r\n  <!-- Section 2 -->\r\n  <div class=\"kbn-section\">\r\n    <h2>Ekskluzywne wydarzenia<\/h2>\r\n    <p>Ka\u017cde spotkanie to presti\u017c i niezapomniane chwile w wyj\u0105tkowej atmosferze:<\/p>\r\n    <ul class=\"kbn-list\">\r\n      <li>\ud83c\udfcc\ufe0f\u200d\u2642\ufe0f Turnieje golfowe \u2013 biznes w otoczeniu luksusu<\/li>\r\n      <li>\u26f5 Regaty \u017ceglarskie \u2013 przygoda na najwy\u017cszym poziomie<\/li>\r\n      <li>\ud83d\udc0e Mecze polo \u2013 elegancja i presti\u017c w czystej formie<\/li>\r\n    <\/ul>\r\n  <\/div>\r\n\r\n  <!-- Section 3 -->\r\n  <div class=\"kbn-section\">\r\n    <h2>Gala Sukcesu<\/h2>\r\n    <p>Kulminacj\u0105 dzia\u0142a\u0144 klubu jest uroczysta Gala, podczas kt\u00f3rej nagradzamy wybitne osi\u0105gni\u0119cia naszych cz\u0142onk\u00f3w w atmosferze luksusu i presti\u017cu.<\/p>\r\n  <\/div>\r\n\r\n  <!-- CTA -->\r\n  <div class=\"kbn-cta\">\r\n    <p>Do\u0142\u0105cz do KBN Business Club i wejd\u017a do \u015bwiata, gdzie biznes spotyka si\u0119 z presti\u017cem.<\/p>\r\n    <a href=\"tel:607777783\">Zadzwo\u0144: 607-777-783<\/a>\r\n  <\/div>\r\n<\/section>\r\n\t\t<\/div>\n\t\t\t\t<\/div>\n\t\t\t\t\t<\/div>\n\t\t<\/div>\n\t\t\t\t\t<\/div>\n\t\t<\/section>\n\t\t\t\t<\/div>","protected":false},"excerpt":{"rendered":"<p>KBN Business Club Elitarny klub biznesowy dla deweloper\u00f3w, inwestor\u00f3w i lider\u00f3w rynku nieruchomo\u015bci \u2013 \u0142\u0105czymy pasj\u0119 z presti\u017cem i wyj\u0105tkowymi do\u015bwiadczeniami. Dlaczego warto? KBN Business Club to przestrze\u0144 dla wybitnych graczy rynku, kt\u00f3rzy ceni\u0105 ekskluzywno\u015b\u0107 i skuteczno\u015b\u0107. Networking na najwy\u017cszym poziomie: kontakty z liderami bran\u017cy. Wiedza i inspiracja: wymiana do\u015bwiadcze\u0144 z najlepszymi. Styl \u017cycia premium: biznes spotyka si\u0119 z elegancj\u0105 i pasj\u0105. Ekskluzywne wydarzenia Ka\u017cde spotkanie to presti\u017c i niezapomniane chwile w wyj\u0105tkowej atmosferze: \ud83c\udfcc\ufe0f\u200d\u2642\ufe0f Turnieje golfowe \u2013 biznes w otoczeniu luksusu \u26f5 Regaty \u017ceglarskie \u2013 przygoda na najwy\u017cszym poziomie \ud83d\udc0e Mecze polo \u2013 elegancja i presti\u017c w czystej formie Gala Sukcesu Kulminacj\u0105 dzia\u0142a\u0144 klubu jest uroczysta Gala, podczas kt\u00f3rej nagradzamy wybitne osi\u0105gni\u0119cia naszych cz\u0142onk\u00f3w w atmosferze luksusu i presti\u017cu. Do\u0142\u0105cz do KBN Business Club i wejd\u017a do \u015bwiata, gdzie biznes spotyka si\u0119 z presti\u017cem. Zadzwo\u0144: 607-777-783<\/p>","protected":false},"author":1,"featured_media":0,"parent":0,"menu_order":0,"comment_status":"closed","ping_status":"closed","template":"","meta":{"om_disable_all_campaigns":false,"_monsterinsights_skip_tracking":false,"_monsterinsights_sitenote_active":false,"_monsterinsights_sitenote_note":"","_monsterinsights_sitenote_category":0,"_uf_show_specific_survey":0,"_uf_disable_surveys":false,"footnotes":""},"class_list":["post-804","page","type-page","status-publish","hentry"],"aioseo_notices":[],"jetpack_sharing_enabled":true,"_links":{"self":[{"href":"https:\/\/kbn.com.pl\/en\/wp-json\/wp\/v2\/pages\/804","targetHints":{"allow":["GET"]}}],"collection":[{"href":"https:\/\/kbn.com.pl\/en\/wp-json\/wp\/v2\/pages"}],"about":[{"href":"https:\/\/kbn.com.pl\/en\/wp-json\/wp\/v2\/types\/page"}],"author":[{"embeddable":true,"href":"https:\/\/kbn.com.pl\/en\/wp-json\/wp\/v2\/users\/1"}],"replies":[{"embeddable":true,"href":"https:\/\/kbn.com.pl\/en\/wp-json\/wp\/v2\/comments?post=804"}],"version-history":[{"count":10,"href":"https:\/\/kbn.com.pl\/en\/wp-json\/wp\/v2\/pages\/804\/revisions"}],"predecessor-version":[{"id":814,"href":"https:\/\/kbn.com.pl\/en\/wp-json\/wp\/v2\/pages\/804\/revisions\/814"}],"wp:attachment":[{"href":"https:\/\/kbn.com.pl\/en\/wp-json\/wp\/v2\/media?parent=804"}],"curies":[{"name":"wp","href":"https:\/\/api.w.org\/{rel}","templated":true}]}}