{"id":785,"date":"2025-08-18T13:27:23","date_gmt":"2025-08-18T11:27:23","guid":{"rendered":"https:\/\/kbn.com.pl\/?page_id=785"},"modified":"2025-08-18T13:49:22","modified_gmt":"2025-08-18T11:49:22","slug":"domy-na-zamowienie","status":"publish","type":"page","link":"https:\/\/kbn.com.pl\/en\/domy-na-zamowienie\/","title":{"rendered":"Domy na zam\u00f3wienie"},"content":{"rendered":"<div data-elementor-type=\"wp-page\" data-elementor-id=\"785\" class=\"elementor elementor-785\">\n\t\t\t\t\t\t<section class=\"elementor-section elementor-top-section elementor-element elementor-element-77622c4 elementor-section-boxed elementor-section-height-default elementor-section-height-default wpr-particle-no wpr-jarallax-no wpr-parallax-no wpr-sticky-section-no\" data-id=\"77622c4\" data-element_type=\"section\">\n\t\t\t\t\t\t<div class=\"elementor-container elementor-column-gap-default\">\n\t\t\t\t\t<div class=\"elementor-column elementor-col-100 elementor-top-column elementor-element elementor-element-e6114b4\" data-id=\"e6114b4\" data-element_type=\"column\">\n\t\t\t<div class=\"elementor-widget-wrap elementor-element-populated\">\n\t\t\t\t\t\t<div class=\"elementor-element elementor-element-4a5ea45 elementor-widget elementor-widget-html\" data-id=\"4a5ea45\" data-element_type=\"widget\" data-widget_type=\"html.default\">\n\t\t\t\t<div class=\"elementor-widget-container\">\n\t\t\t<!-- KBN | DOMY NA ZAM\u00d3WIENIE -->\r\n<section class=\"kbn-wrap\" aria-labelledby=\"kbn-hero-title\">\r\n  <style>\r\n    \/* === KBN mini-style (skopowane do tej podstrony) === *\/\r\n    .kbn-wrap{--kbn-accent:#0b5fff;--kbn-ink:#0e1320;--kbn-muted:#6b7280;--kbn-bg:#ffffff;--kbn-soft:#f3f4f6;--kbn-ring:rgba(11,95,255,.2);font-family:inherit;color:var(--kbn-ink);}\r\n    .kbn-container{max-width:1100px;margin:0 auto;padding:28px 18px;}\r\n    .kbn-hero{background:linear-gradient(180deg,rgba(11,95,255,.06),transparent);border-radius:20px;padding:42px 28px;margin:10px 0 24px;border:1px solid #e5e7eb}\r\n    .kbn-eyebrow{font-size:.85rem;letter-spacing:.05em;text-transform:uppercase;color:var(--kbn-accent);font-weight:700}\r\n    .kbn-title{font-size:clamp(28px,4.2vw,44px);line-height:1.1;margin:.3em 0 .4em;font-weight:800}\r\n    .kbn-lead{font-size:1.1rem;color:var(--kbn-muted);max-width:70ch}\r\n    .kbn-grid{display:grid;gap:18px}\r\n    .kbn-grid.cols-3{grid-template-columns:repeat(auto-fit,minmax(230px,1fr))}\r\n    .kbn-card{background:var(--kbn-bg);border:1px solid #e5e7eb;border-radius:16px;padding:18px}\r\n    .kbn-card h3{font-size:1.15rem;margin:.2em 0 .3em}\r\n    .kbn-card p{color:var(--kbn-muted);font-size:.98rem}\r\n    .kbn-badge{display:inline-block;font-size:.78rem;padding:.28rem .6rem;border-radius:999px;background:var(--kbn-soft);border:1px solid #e5e7eb}\r\n    .kbn-cta{display:flex;flex-wrap:wrap;gap:12px;margin-top:18px}\r\n    .kbn-btn{display:inline-flex;align-items:center;gap:8px;padding:12px 16px;border-radius:12px;border:1px solid transparent;font-weight:700;text-decoration:none}\r\n    .kbn-btn.primary{background:var(--kbn-accent);color:#fff}\r\n    .kbn-btn.ghost{background:transparent;border-color:#e5e7eb;color:var(--kbn-ink)}\r\n    .kbn-section{padding:12px 0 8px}\r\n    .kbn-section h2{font-size:clamp(22px,3vw,32px);margin:.2em 0 .4em}\r\n    .kbn-list{display:grid;gap:10px}\r\n    .kbn-item{display:flex;gap:12px;align-items:flex-start;border:1px solid #e5e7eb;padding:14px;border-radius:12px;background:#fff}\r\n    .kbn-item svg{flex:0 0 auto}\r\n    .kbn-note{font-size:.95rem;color:var(--kbn-muted)}\r\n    .kbn-slab{background:var(--kbn-soft);border:1px solid #e5e7eb;border-radius:16px;padding:18px}\r\n    .kbn-accordion details{border:1px solid #e5e7eb;border-radius:12px;padding:12px;background:#fff}\r\n    .kbn-accordion details+details{margin-top:10px}\r\n    .kbn-accordion summary{cursor:pointer;font-weight:700;list-style:none}\r\n    .kbn-accordion summary::-webkit-details-marker{display:none}\r\n    .kbn-cta-bar{display:flex;flex-wrap:wrap;align-items:center;justify-content:space-between;gap:14px;border:1px solid #e5e7eb;border-radius:16px;padding:16px;background:linear-gradient(90deg,rgba(11,95,255,.05),transparent)}\r\n    .kbn-phone{font-weight:800;font-size:1.15rem}\r\n  <\/style>\r\n  <div class=\"kbn-container kbn-hero\">\r\n    <div class=\"kbn-eyebrow\">Domy na zam\u00f3wienie<\/div>\r\n    <h1 id=\"kbn-hero-title\" class=\"kbn-title\">Wybudujemy Tw\u00f3j Dom Marze\u0144: Ekologia, Funkcjonalno\u015b\u0107 i Komfort<\/h1>\r\n    <p class=\"kbn-lead\">Projektujemy i budujemy domy na zam\u00f3wienie \u2013 ekologiczne, funkcjonalne i komfortowe. Od kompaktowej oazy spokoju po innowacyjne rozwi\u0105zania do \u017cycia \u2013 mamy idealn\u0105 propozycj\u0119 dla Ciebie.<\/p>\r\n    <div class=\"kbn-cta\">\r\n      <a class=\"kbn-btn primary\" href=\"https:\/\/kbn.com.pl\/en\/formularz-kontaktowy-2\/\" aria-label=\"Przejd\u017a do formularza kontaktowego\">\r\n        <!-- phone icon -->\r\n        <svg width=\"18\" height=\"18\" viewbox=\"0 0 24 24\" fill=\"none\" aria-hidden=\"true\"><path d=\"M22 16.92v3a2 2 0 0 1-2.18 2 19.79 19.79 0 0 1-8.63-3.07 19.5 19.5 0 0 1-6-6A19.79 19.79 0 0 1 2.08 4.18 2 2 0 0 1 4.06 2h3a2 2 0 0 1 2 1.72c.12.89.34 1.76.65 2.59a2 2 0 0 1-.45 2.11L8.09 9.91a16 16 0 0 0 6 6l1.49-1.17a2 2 0 0 1 2.11-.45c.83.31 1.7.53 2.59.65A2 2 0 0 1 22 16.92z\" stroke=\"currentColor\" stroke-width=\"2\" stroke-linecap=\"round\" stroke-linejoin=\"round\"\/><\/svg>\r\n        Skontaktuj si\u0119 z nami\r\n      <\/a>\r\n      <a class=\"kbn-btn ghost\" href=\"https:\/\/kbn.com.pl\/en\/nasze-uslugi\/\">Zobacz nasze us\u0142ugi<\/a>\r\n    <\/div>\r\n  <\/div>\r\n\r\n  <div class=\"kbn-container kbn-section\">\r\n    <h2>Nasza oferta dom\u00f3w szytych na miar\u0119<\/h2>\r\n    <p class=\"kbn-note\">\u0141\u0105czymy nowoczesne technologie z najwy\u017cszymi standardami ekologicznymi i energetycznymi \u2013 gwarantuj\u0105c szybk\u0105 budow\u0119, stylowy design i maksymaln\u0105 efektywno\u015b\u0107.<\/p>\r\n    <div class=\"kbn-grid cols-3\" role=\"list\">\r\n      <article class=\"kbn-card\" role=\"listitem\">\r\n        <span class=\"kbn-badge\">Bez pozwolenia<\/span>\r\n        <h3>Domy do 35 m\u00b2 i do 70 m\u00b2<\/h3>\r\n        <p>Szybko\u015b\u0107, prostota i minimum formalno\u015bci. Zaprojektowane, by natychmiast cieszy\u0107 si\u0119 spokojem i natur\u0105.<\/p>\r\n      <\/article>\r\n      <article class=\"kbn-card\" role=\"listitem\">\r\n        <span class=\"kbn-badge\">Pozwolenie 70\u2013200 m\u00b2<\/span>\r\n        <h3>Domy z pozwoleniem<\/h3>\r\n        <p>Komfortowe i dopasowane do potrzeb rozwi\u0105zania dla rodzin i inwestor\u00f3w.<\/p>\r\n      <\/article>\r\n      <article class=\"kbn-card\" role=\"listitem\">\r\n        <span class=\"kbn-badge\">CLT<\/span>\r\n        <h3>Domy z paneli CLT<\/h3>\r\n        <p>Naturalne, odnawialne materia\u0142y. \u015awietna izolacja i komfort przez ca\u0142y rok \u2013 minimalny \u015blad w\u0119glowy.<\/p>\r\n      <\/article>\r\n      <article class=\"kbn-card\" role=\"listitem\">\r\n        <span class=\"kbn-badge\">Stal<\/span>\r\n        <h3>Domy stalowe<\/h3>\r\n        <p>Wyj\u0105tkowa trwa\u0142o\u015b\u0107 i odporno\u015b\u0107 na wymagaj\u0105ce warunki. Bezpiecze\u0144stwo i spok\u00f3j na lata.<\/p>\r\n      <\/article>\r\n      <article class=\"kbn-card\" role=\"listitem\">\r\n        <span class=\"kbn-badge\">Na wodzie<\/span>\r\n        <h3>Domy p\u0142ywaj\u0105ce<\/h3>\r\n        <p>Mobilno\u015b\u0107 i unikalny styl \u017cycia w zgodzie z natur\u0105 \u2013 spe\u0142nij marzenie o domu na wodzie.<\/p>\r\n      <\/article>\r\n      <article class=\"kbn-card\" role=\"listitem\">\r\n        <span class=\"kbn-badge\">Eko<\/span>\r\n        <h3>Domy ekologiczne<\/h3>\r\n        <p>Zasilane energi\u0105 s\u0142oneczn\u0105 \u2013 przyjazne \u015brodowisku i ekonomiczne w utrzymaniu.<\/p>\r\n      <\/article>\r\n      <article class=\"kbn-card\" role=\"listitem\">\r\n        <span class=\"kbn-badge\">Letniskowe<\/span>\r\n        <h3>Domy letniskowe<\/h3>\r\n        <p>Kompaktowe i wygodne \u2013 idealne na dzia\u0142k\u0119, nad jeziorem lub w g\u00f3rach.<\/p>\r\n      <\/article>\r\n    <\/div>\r\n  <\/div>\r\n\r\n  <div class=\"kbn-container kbn-section\">\r\n    <h2>Domy prefabrykowane \u2013 klucz do szybkiego zamieszkania<\/h2>\r\n    <div class=\"kbn-slab\">\r\n      <p>Wyobra\u017a sobie, \u017ce mo\u017cesz zamieszka\u0107 w swoim wymarzonym wn\u0119trzu w zaledwie kilka miesi\u0119cy! Oferujemy domy bez pozwolenia urz\u0105dzone pod klucz. A je\u015bli masz sprecyzowane marzenia o wn\u0119trzu, nasi projektanci dopracuj\u0105 ka\u017cdy szczeg\u00f3\u0142, aby\u015b cieszy\u0142 si\u0119 wysokim standardem, nowoczesnym designem i doskona\u0142\u0105 jako\u015bci\u0105.<\/p>\r\n    <\/div>\r\n  <\/div>\r\n\r\n  <div class=\"kbn-container kbn-section\">\r\n    <h2>Domy na zam\u00f3wienie \u2013 idealna inwestycja<\/h2>\r\n    <p>Oferta r\u00f3wnie\u017c dla przedsi\u0119biorc\u00f3w i inwestor\u00f3w szukaj\u0105cych bezpiecznego biznesu i wysokiej stopy zwrotu. Rynek najmu kr\u00f3tkoterminowego kwitnie \u2013 zapewnij go\u015bciom komfortowe, ekologiczne domy na wynajem.<\/p>\r\n  <\/div>\r\n\r\n  <div class=\"kbn-container kbn-section kbn-accordion\">\r\n    <h2>Nowoczesno\u015b\u0107 w harmonii z natur\u0105 \u2013 FAQ<\/h2>\r\n    <details>\r\n      <summary>Jakie technologie stosujecie?<\/summary>\r\n      <p>Budujemy w technologiach prefabrykowanych oraz szkieletowych, w tym CLT i stal. To sprawdzone i bezpieczne rozwi\u0105zania o \u015bwietnym komforcie termicznym.<\/p>\r\n    <\/details>\r\n    <details>\r\n      <summary>Czy pomagacie w formalno\u015bciach?<\/summary>\r\n      <p>Tak. Wspieramy w procesie pozwole\u0144, doborze technologii i realizacji pod klucz.<\/p>\r\n    <\/details>\r\n  <\/div>\r\n\r\n  <div class=\"kbn-container kbn-section\">\r\n    <div class=\"kbn-cta-bar\" role=\"region\" aria-label=\"Kontakt CTA\">\r\n      <div>\r\n        <strong>Zosta\u0144 partnerem \u2013 budujmy razem przysz\u0142o\u015b\u0107!<\/strong><br>\r\n        <span class=\"kbn-note\">Masz dzia\u0142k\u0119? Zrealizujemy na niej Tw\u00f3j wymarzony dom.<\/span>\r\n      <\/div>\r\n      <a class=\"kbn-btn primary\" href=\"tel: 48607777783\"><span class=\"kbn-phone\">607-777-783<\/span><\/a>\r\n    <\/div>\r\n  <\/div>\r\n<\/section>\r\n\t\t<\/div>\n\t\t\t\t<\/div>\n\t\t\t\t\t<\/div>\n\t\t<\/div>\n\t\t\t\t\t<\/div>\n\t\t<\/section>\n\t\t\t\t<\/div>","protected":false},"excerpt":{"rendered":"<p>Domy na zam\u00f3wienie Wybudujemy Tw\u00f3j Dom Marze\u0144: Ekologia, Funkcjonalno\u015b\u0107 i Komfort Projektujemy i budujemy domy na zam\u00f3wienie \u2013 ekologiczne, funkcjonalne i komfortowe. Od kompaktowej oazy spokoju po innowacyjne rozwi\u0105zania do \u017cycia \u2013 mamy idealn\u0105 propozycj\u0119 dla Ciebie. Skontaktuj si\u0119 z nami Zobacz nasze us\u0142ugi Nasza oferta dom\u00f3w szytych na miar\u0119 \u0141\u0105czymy nowoczesne technologie z najwy\u017cszymi standardami ekologicznymi i energetycznymi \u2013 gwarantuj\u0105c szybk\u0105 budow\u0119, stylowy design i maksymaln\u0105 efektywno\u015b\u0107. Bez pozwolenia Domy do 35 m\u00b2 i do 70 m\u00b2 Szybko\u015b\u0107, prostota i minimum formalno\u015bci. Zaprojektowane, by natychmiast cieszy\u0107 si\u0119 spokojem i natur\u0105. Pozwolenie 70\u2013200 m\u00b2 Domy z pozwoleniem Komfortowe i dopasowane do potrzeb rozwi\u0105zania dla rodzin i inwestor\u00f3w. CLT Domy z paneli CLT Naturalne, odnawialne materia\u0142y. \u015awietna izolacja i komfort przez ca\u0142y rok \u2013 minimalny \u015blad w\u0119glowy. Stal Domy stalowe Wyj\u0105tkowa trwa\u0142o\u015b\u0107 i odporno\u015b\u0107 na wymagaj\u0105ce warunki. Bezpiecze\u0144stwo i spok\u00f3j na lata. Na wodzie Domy p\u0142ywaj\u0105ce Mobilno\u015b\u0107 i unikalny styl \u017cycia w zgodzie z natur\u0105 \u2013 spe\u0142nij marzenie o domu na wodzie. Eko Domy ekologiczne Zasilane energi\u0105 s\u0142oneczn\u0105 \u2013 przyjazne \u015brodowisku i ekonomiczne w utrzymaniu. Letniskowe Domy letniskowe Kompaktowe i wygodne \u2013 idealne na dzia\u0142k\u0119, nad jeziorem lub w g\u00f3rach. Domy prefabrykowane \u2013 klucz do szybkiego zamieszkania Wyobra\u017a sobie, \u017ce mo\u017cesz zamieszka\u0107 w swoim wymarzonym wn\u0119trzu w zaledwie kilka miesi\u0119cy! Oferujemy domy bez pozwolenia urz\u0105dzone pod klucz. A je\u015bli masz sprecyzowane marzenia o wn\u0119trzu, nasi projektanci dopracuj\u0105 ka\u017cdy szczeg\u00f3\u0142, aby\u015b cieszy\u0142 si\u0119 wysokim standardem, nowoczesnym designem i doskona\u0142\u0105 jako\u015bci\u0105. Domy na zam\u00f3wienie \u2013 idealna inwestycja Oferta r\u00f3wnie\u017c dla przedsi\u0119biorc\u00f3w i inwestor\u00f3w szukaj\u0105cych bezpiecznego biznesu i wysokiej stopy zwrotu. Rynek najmu kr\u00f3tkoterminowego kwitnie \u2013 zapewnij go\u015bciom komfortowe, ekologiczne domy na wynajem. Nowoczesno\u015b\u0107 w harmonii z natur\u0105 \u2013 FAQ Jakie technologie stosujecie? Budujemy w technologiach prefabrykowanych oraz szkieletowych, w tym CLT i stal. To sprawdzone i bezpieczne rozwi\u0105zania o \u015bwietnym komforcie termicznym. Czy pomagacie w formalno\u015bciach? Tak. Wspieramy w procesie pozwole\u0144, doborze technologii i realizacji pod klucz. Zosta\u0144 partnerem \u2013 budujmy razem przysz\u0142o\u015b\u0107! Masz dzia\u0142k\u0119? Zrealizujemy na niej Tw\u00f3j wymarzony dom. 607-777-783<\/p>","protected":false},"author":1,"featured_media":0,"parent":0,"menu_order":0,"comment_status":"closed","ping_status":"closed","template":"","meta":{"om_disable_all_campaigns":false,"_monsterinsights_skip_tracking":false,"_monsterinsights_sitenote_active":false,"_monsterinsights_sitenote_note":"","_monsterinsights_sitenote_category":0,"_uf_show_specific_survey":0,"_uf_disable_surveys":false,"footnotes":""},"class_list":["post-785","page","type-page","status-publish","hentry"],"aioseo_notices":[],"jetpack_sharing_enabled":true,"_links":{"self":[{"href":"https:\/\/kbn.com.pl\/en\/wp-json\/wp\/v2\/pages\/785","targetHints":{"allow":["GET"]}}],"collection":[{"href":"https:\/\/kbn.com.pl\/en\/wp-json\/wp\/v2\/pages"}],"about":[{"href":"https:\/\/kbn.com.pl\/en\/wp-json\/wp\/v2\/types\/page"}],"author":[{"embeddable":true,"href":"https:\/\/kbn.com.pl\/en\/wp-json\/wp\/v2\/users\/1"}],"replies":[{"embeddable":true,"href":"https:\/\/kbn.com.pl\/en\/wp-json\/wp\/v2\/comments?post=785"}],"version-history":[{"count":10,"href":"https:\/\/kbn.com.pl\/en\/wp-json\/wp\/v2\/pages\/785\/revisions"}],"predecessor-version":[{"id":824,"href":"https:\/\/kbn.com.pl\/en\/wp-json\/wp\/v2\/pages\/785\/revisions\/824"}],"wp:attachment":[{"href":"https:\/\/kbn.com.pl\/en\/wp-json\/wp\/v2\/media?parent=785"}],"curies":[{"name":"wp","href":"https:\/\/api.w.org\/{rel}","templated":true}]}}