{"id":212,"date":"2024-07-31T14:31:17","date_gmt":"2024-07-31T12:31:17","guid":{"rendered":"https:\/\/kbn.com.pl\/?page_id=212"},"modified":"2024-08-28T12:41:53","modified_gmt":"2024-08-28T10:41:53","slug":"nasze-uslugi","status":"publish","type":"page","link":"https:\/\/kbn.com.pl\/en\/nasze-uslugi\/","title":{"rendered":"Nasze us\u0142ugi- Krajowy broker nieruchomo\u015bci"},"content":{"rendered":"<div data-elementor-type=\"wp-page\" data-elementor-id=\"212\" class=\"elementor elementor-212\">\n\t\t\t\t\t\t<section class=\"elementor-section elementor-top-section elementor-element elementor-element-a4ee1d5 elementor-section-boxed elementor-section-height-default elementor-section-height-default wpr-particle-no wpr-jarallax-no wpr-parallax-no wpr-sticky-section-no\" data-id=\"a4ee1d5\" data-element_type=\"section\" data-settings=\"{&quot;animation&quot;:&quot;none&quot;}\">\n\t\t\t\t\t\t<div class=\"elementor-container elementor-column-gap-default\">\n\t\t\t\t\t<div class=\"elementor-column elementor-col-100 elementor-top-column elementor-element elementor-element-2b742f5\" data-id=\"2b742f5\" data-element_type=\"column\">\n\t\t\t<div class=\"elementor-widget-wrap elementor-element-populated\">\n\t\t\t\t\t\t<section class=\"elementor-section elementor-inner-section elementor-element elementor-element-b2f3fa9 elementor-section-boxed elementor-section-height-default elementor-section-height-default wpr-particle-no wpr-jarallax-no wpr-parallax-no wpr-sticky-section-no\" data-id=\"b2f3fa9\" data-element_type=\"section\">\n\t\t\t\t\t\t<div class=\"elementor-container elementor-column-gap-default\">\n\t\t\t\t\t<div class=\"elementor-column elementor-col-50 elementor-inner-column elementor-element elementor-element-a1d4cc1\" data-id=\"a1d4cc1\" data-element_type=\"column\">\n\t\t\t<div class=\"elementor-widget-wrap elementor-element-populated\">\n\t\t\t\t\t\t<div class=\"elementor-element elementor-element-cbc512f elementor-widget elementor-widget-image\" data-id=\"cbc512f\" data-element_type=\"widget\" data-settings=\"{&quot;_animation&quot;:&quot;none&quot;}\" data-widget_type=\"image.default\">\n\t\t\t\t<div class=\"elementor-widget-container\">\n\t\t\t<style>\/*! elementor - v3.23.0 - 05-08-2024 *\/\n.elementor-widget-image{text-align:center}.elementor-widget-image a{display:inline-block}.elementor-widget-image a img[src$=\".svg\"]{width:48px}.elementor-widget-image img{vertical-align:middle;display:inline-block}<\/style>\t\t\t\t\t\t\t\t\t\t<img decoding=\"async\" width=\"453\" height=\"79\" src=\"https:\/\/kbn.com.pl\/wp-content\/uploads\/2024\/07\/obraz_2024-07-31_143551179.png\" class=\"attachment-large size-large wp-image-217\" alt=\"\" srcset=\"https:\/\/kbn.com.pl\/wp-content\/uploads\/2024\/07\/obraz_2024-07-31_143551179.png 453w, https:\/\/kbn.com.pl\/wp-content\/uploads\/2024\/07\/obraz_2024-07-31_143551179-300x52.png 300w\" sizes=\"(max-width: 453px) 100vw, 453px\" \/>\t\t\t\t\t\t\t\t\t\t\t\t\t<\/div>\n\t\t\t\t<\/div>\n\t\t\t\t\t<\/div>\n\t\t<\/div>\n\t\t\t\t<div class=\"elementor-column elementor-col-50 elementor-inner-column elementor-element elementor-element-9b1f416\" data-id=\"9b1f416\" data-element_type=\"column\">\n\t\t\t<div class=\"elementor-widget-wrap elementor-element-populated\">\n\t\t\t\t\t\t<div class=\"elementor-element elementor-element-7824a15 elementor-widget elementor-widget-text-editor\" data-id=\"7824a15\" data-element_type=\"widget\" data-settings=\"{&quot;_animation&quot;:&quot;none&quot;}\" data-widget_type=\"text-editor.default\">\n\t\t\t\t<div class=\"elementor-widget-container\">\n\t\t\t<style>\/*! elementor - v3.23.0 - 05-08-2024 *\/\n.elementor-widget-text-editor.elementor-drop-cap-view-stacked .elementor-drop-cap{background-color:#69727d;color:#fff}.elementor-widget-text-editor.elementor-drop-cap-view-framed .elementor-drop-cap{color:#69727d;border:3px solid;background-color:transparent}.elementor-widget-text-editor:not(.elementor-drop-cap-view-default) .elementor-drop-cap{margin-top:8px}.elementor-widget-text-editor:not(.elementor-drop-cap-view-default) .elementor-drop-cap-letter{width:1em;height:1em}.elementor-widget-text-editor .elementor-drop-cap{float:left;text-align:center;line-height:1;font-size:50px}.elementor-widget-text-editor .elementor-drop-cap-letter{display:inline-block}<\/style>\t\t\t\t<p>We provide comprehensive advice and support throughout the entire property purchase and sale process. Our services include residential, commercial and investment properties.<br \/>We also specialize in land designated for residential, logistic and agricultural development. Additionally, we deal with aggregate mines and offer all types of land with raw material deposits. We also have exclusive properties, such as palaces, tenement houses, palace and park complexes, as well as retail parks and warehouses.<\/p>\t\t\t\t\t\t<\/div>\n\t\t\t\t<\/div>\n\t\t\t\t\t<\/div>\n\t\t<\/div>\n\t\t\t\t\t<\/div>\n\t\t<\/section>\n\t\t\t\t<div class=\"elementor-element elementor-element-c28a3bc elementor-widget elementor-widget-eael-adv-accordion\" data-id=\"c28a3bc\" data-element_type=\"widget\" data-widget_type=\"eael-adv-accordion.default\">\n\t\t\t\t<div class=\"elementor-widget-container\">\n\t\t\t        <div class=\"eael-adv-accordion\" id=\"eael-adv-accordion-c28a3bc\" data-scroll-on-click=\"no\" data-scroll-speed=\"300\" data-accordion-id=\"c28a3bc\" data-accordion-type=\"accordion\" data-toogle-speed=\"300\">\n    <div class=\"eael-accordion-list\">\n                <div id=\"doradztwo-inwestycyjne\" class=\"elementor-tab-title eael-accordion-header\" tabindex=\"0\" data-tab=\"1\" aria-controls=\"elementor-tab-content-2031\"><span class=\"eael-advanced-accordion-icon-closed\"><i aria-hidden=\"true\" class=\"fa-accordion-icon far fa-chart-bar\"><\/i><\/span><span class=\"eael-advanced-accordion-icon-opened\"><i aria-hidden=\"true\" class=\"fa-accordion-icon far fa-chart-bar\"><\/i><\/span><span class=\"eael-accordion-tab-title\">Investmental advisory.<\/span><i aria-hidden=\"true\" class=\"fa-toggle fas fa-angle-right\"><\/i><\/div><div id=\"elementor-tab-content-2031\" class=\"eael-accordion-content clearfix\" data-tab=\"1\" aria-labelledby=\"doradztwo-inwestycyjne\"><p class=\" translation-block\">Thanks to our experience and knowledge, we effectively support investors in searching for profitable investment projects.\n\nOffered comprehensive advice in all important aspects related to real estate trading.\n\nOur investment hub enables clients to maximize their investment returns.\n\nProfessional advice on the investment market brings tangible benefits to our clients, helping them make good business decisions and choose the best investment strategy. We offer support at every stage of the transaction - from a thorough assessment, through real estate marketing, to the conclusion of negotiations and finalization of the transaction.\nWe perform real estate valuations.<\/p><\/div>\n                <\/div><div class=\"eael-accordion-list\">\n                <div id=\"sprzeda-nieruchomoci\" class=\"elementor-tab-title eael-accordion-header\" tabindex=\"0\" data-tab=\"2\" aria-controls=\"elementor-tab-content-2032\"><span class=\"eael-advanced-accordion-icon-closed\"><i aria-hidden=\"true\" class=\"fa-accordion-icon fas fa-house-user\"><\/i><\/span><span class=\"eael-advanced-accordion-icon-opened\"><i aria-hidden=\"true\" class=\"fa-accordion-icon fas fa-house-user\"><\/i><\/span><span class=\"eael-accordion-tab-title\">Sale of real estate<\/span><i aria-hidden=\"true\" class=\"fa-toggle fas fa-angle-right\"><\/i><\/div><div id=\"elementor-tab-content-2032\" class=\"eael-accordion-content clearfix\" data-tab=\"2\" aria-labelledby=\"sprzeda-nieruchomoci\"><p>We offer comprehensive services related to the sale of real estate. We have orders for property searches, which allows us to effectively find the perfect buyers for each property. Our team is responsible for presenting the property to our investment group, which increases the chances of a quick sale. Additionally, we offer comprehensive preparation of the property for sale and effective transaction execution. We are here to provide professional support at every stage of the sales process.<br \/>Nasz zesp\u00f3\u0142 zajmuje si\u0119 prezentowaniem nieruchomo\u015bci naszej grupie inwestycyjnej, co zwi\u0119ksza szanse na szybk\u0105 sprzeda\u017c. Dodatkowo, oferujemy kompleksowe przygotowanie nieruchomo\u015bci do sprzeda\u017cy oraz skuteczn\u0105 realizacj\u0119 transakcji. Jeste\u015bmy tu, aby zapewni\u0107 profesjonalne wsparcie na ka\u017cdym etapie procesu sprzeda\u017cy.<\/p><\/div>\n                <\/div><div class=\"eael-accordion-list\">\n                <div id=\"poszukiwanie-nieruchomoci\" class=\"elementor-tab-title eael-accordion-header\" tabindex=\"0\" data-tab=\"3\" aria-controls=\"elementor-tab-content-2033\"><span class=\"eael-advanced-accordion-icon-closed\"><i aria-hidden=\"true\" class=\"fa-accordion-icon fas fa-search\"><\/i><\/span><span class=\"eael-advanced-accordion-icon-opened\"><i aria-hidden=\"true\" class=\"fa-accordion-icon fas fa-search\"><\/i><\/span><span class=\"eael-accordion-tab-title\">Property Search<\/span><i aria-hidden=\"true\" class=\"fa-toggle fas fa-angle-right\"><\/i><\/div><div id=\"elementor-tab-content-2033\" class=\"eael-accordion-content clearfix\" data-tab=\"3\" aria-labelledby=\"poszukiwanie-nieruchomoci\"><p>We accept orders for searching for specific properties. When cooperating with us, we establish detailed criteria that the property being searched for should meet. Thanks to our experience and wide database of offers, we effectively find all properties that best meet the requirements of our clients.<\/p><\/div>\n                <\/div><div class=\"eael-accordion-list\">\n                <div id=\"komercjalizacja-nieruchomoci\" class=\"elementor-tab-title eael-accordion-header\" tabindex=\"0\" data-tab=\"4\" aria-controls=\"elementor-tab-content-2034\"><span class=\"eael-advanced-accordion-icon-closed\"><i aria-hidden=\"true\" class=\"fa-accordion-icon fas fa-warehouse\"><\/i><\/span><span class=\"eael-advanced-accordion-icon-opened\"><i aria-hidden=\"true\" class=\"fa-accordion-icon fas fa-warehouse\"><\/i><\/span><span class=\"eael-accordion-tab-title\">Commercialization of real estate<\/span><i aria-hidden=\"true\" class=\"fa-toggle fas fa-angle-right\"><\/i><\/div><div id=\"elementor-tab-content-2034\" class=\"eael-accordion-content clearfix\" data-tab=\"4\" aria-labelledby=\"komercjalizacja-nieruchomoci\"><p>We provide real estate commercialization services, which include full support in the scope of leasing and sale of commercial facilities. Our offer includes preparing the property for commercialization, searching for potential tenants or buyers and effective transaction execution. Thanks to our experience and knowledge of the market, we ensure effective management of the commercialization process, maximizing benefits for our clients.<\/p><\/div>\n                <\/div><div class=\"eael-accordion-list\">\n                <div id=\"obsuga-developerw\" class=\"elementor-tab-title eael-accordion-header\" tabindex=\"0\" data-tab=\"5\" aria-controls=\"elementor-tab-content-2035\"><span class=\"eael-advanced-accordion-icon-closed\"><i aria-hidden=\"true\" class=\"fa-accordion-icon fas fa-user-tie\"><\/i><\/span><span class=\"eael-advanced-accordion-icon-opened\"><i aria-hidden=\"true\" class=\"fa-accordion-icon fas fa-user-tie\"><\/i><\/span><span class=\"eael-accordion-tab-title\">Developer support<\/span><i aria-hidden=\"true\" class=\"fa-toggle fas fa-angle-right\"><\/i><\/div><div id=\"elementor-tab-content-2035\" class=\"eael-accordion-content clearfix\" data-tab=\"5\" aria-labelledby=\"obsuga-developerw\"><p>We provide comprehensive developer services, including searching for land for new development projects and selling built properties. Thanks to our services, you will find suitable locations for future investments, and we will also effectively conduct the process of selling finished facilities. Our experience and knowledge of the real estate market provide effective support at every stage of implementing development projects.<\/p><\/div>\n                <\/div><div class=\"eael-accordion-list\">\n                <div id=\"obsuga-wacicieli-gruntw-rolnych\" class=\"elementor-tab-title eael-accordion-header\" tabindex=\"0\" data-tab=\"6\" aria-controls=\"elementor-tab-content-2036\"><span class=\"eael-advanced-accordion-icon-closed\"><i aria-hidden=\"true\" class=\"fa-accordion-icon fas fa-leaf\"><\/i><\/span><span class=\"eael-advanced-accordion-icon-opened\"><i aria-hidden=\"true\" class=\"fa-accordion-icon fas fa-leaf\"><\/i><\/span><span class=\"eael-accordion-tab-title\">Service for agricultural land owners<\/span><i aria-hidden=\"true\" class=\"fa-toggle fas fa-angle-right\"><\/i><\/div><div id=\"elementor-tab-content-2036\" class=\"eael-accordion-content clearfix\" data-tab=\"6\" aria-labelledby=\"obsuga-wacicieli-gruntw-rolnych\"><p>We provide comprehensive services to owners of agricultural land, specializing in the sale and purchase of agricultural land and entire farms. We help in finding suitable areas for investment, and we also effectively manage the transaction process related to the purchase or sale of land and farms. Our experience and knowledge of the agricultural real estate market provide effective support at every stage of the process.<\/p><\/div>\n                <\/div><div class=\"eael-accordion-list\">\n                <div id=\"retail-parki\" class=\"elementor-tab-title eael-accordion-header\" tabindex=\"0\" data-tab=\"7\" aria-controls=\"elementor-tab-content-2037\"><span class=\"eael-advanced-accordion-icon-closed\"><i aria-hidden=\"true\" class=\"fa-accordion-icon fas fa-border-style\"><\/i><\/span><span class=\"eael-advanced-accordion-icon-opened\"><i aria-hidden=\"true\" class=\"fa-accordion-icon fas fa-border-style\"><\/i><\/span><span class=\"eael-accordion-tab-title\">Retail Parks<\/span><i aria-hidden=\"true\" class=\"fa-toggle fas fa-angle-right\"><\/i><\/div><div id=\"elementor-tab-content-2037\" class=\"eael-accordion-content clearfix\" data-tab=\"7\" aria-labelledby=\"retail-parki\"><p>We offer comprehensive services in the field of Retail Parks. We specialize in finding land that is ideal for the construction of Retail Parks and in the sale of ready-made facilities. Thanks to our wide database of offers and market knowledge, we will effectively find the right land for your investment, and we will also help you acquire ready-made Retail Parks. Our services guarantee effective support at every stage of the process, from land location to finalizing the purchase.<\/p><\/div>\n                <\/div><div class=\"eael-accordion-list\">\n                <div id=\"projekty-inwestycjne\" class=\"elementor-tab-title eael-accordion-header\" tabindex=\"0\" data-tab=\"8\" aria-controls=\"elementor-tab-content-2038\"><span class=\"eael-advanced-accordion-icon-closed\"><i aria-hidden=\"true\" class=\"fa-accordion-icon fas fa-chart-pie\"><\/i><\/span><span class=\"eael-advanced-accordion-icon-opened\"><i aria-hidden=\"true\" class=\"fa-accordion-icon fas fa-chart-pie\"><\/i><\/span><span class=\"eael-accordion-tab-title\">Investment projects<\/span><i aria-hidden=\"true\" class=\"fa-toggle fas fa-angle-right\"><\/i><\/div><div id=\"elementor-tab-content-2038\" class=\"eael-accordion-content clearfix\" data-tab=\"8\" aria-labelledby=\"projekty-inwestycjne\"><p>We offer facilities and properties ideal for various investment projects. Regardless of the type of project, whether it is a retirement home, clinic, office building or raw material mine, we provide carefully selected properties tailored to the client's needs. Our experience and knowledge of the real estate market allow us to effectively support the investment client at every stage of the project implementation.<\/p><\/div>\n                <\/div><div class=\"eael-accordion-list\">\n                <div id=\"usugi-doradcze\" class=\"elementor-tab-title eael-accordion-header\" tabindex=\"0\" data-tab=\"9\" aria-controls=\"elementor-tab-content-2039\"><span class=\"eael-advanced-accordion-icon-closed\"><i aria-hidden=\"true\" class=\"fa-accordion-icon far fa-handshake\"><\/i><\/span><span class=\"eael-advanced-accordion-icon-opened\"><i aria-hidden=\"true\" class=\"fa-accordion-icon fas fa-handshake\"><\/i><\/span><span class=\"eael-accordion-tab-title\">Consulting services<\/span><i aria-hidden=\"true\" class=\"fa-toggle fas fa-angle-right\"><\/i><\/div><div id=\"elementor-tab-content-2039\" class=\"eael-accordion-content clearfix\" data-tab=\"9\" aria-labelledby=\"usugi-doradcze\"><p>We offer comprehensive real estate advisory services, covering the entire scope of activities related to the real estate market. Our services include advice on the purchase and sale of real estate, market analysis, property value assessment, support in negotiations and assistance in investment planning. Thanks to our experts, you will gain full support and professional advice.<\/p><\/div>\n                <\/div><\/div>\t\t<\/div>\n\t\t\t\t<\/div>\n\t\t\t\t\t<\/div>\n\t\t<\/div>\n\t\t\t\t\t<\/div>\n\t\t<\/section>\n\t\t\t\t<\/div>","protected":false},"excerpt":{"rendered":"<p>\u015awiadczymy kompleksowe doradztwo i wsparcie w ca\u0142ym procesie kupna-sprzeda\u017cy nieruchomo\u015bci. Nasze us\u0142ugi obejmuj\u0105 nieruchomo\u015bci mieszkaniowe, komercyjne oraz inwestycyjne.Specjalizujemy si\u0119 r\u00f3wnie\u017c w gruntach przeznaczonych pod zabudow\u0119 mieszkaniow\u0105, logistyczn\u0105 oraz w gruntach rolnych. Dodatkowo zajmujemy si\u0119 kopalniami kruszyw i oferujemy wszelkiego rodzaju grunty ze z\u0142o\u017cami surowc\u00f3w. Posiadamy tak\u017ce ekskluzywne nieruchomo\u015bci, takie jak pa\u0142ace, kamienice, kompleksy pa\u0142acowo-parkowe, a tak\u017ce retail parki i hale magazynowe. Doradztwo inwestycyjne. Dzi\u0119ki naszemu do\u015bwiadczeniu i wiedzy efektywnie wspieramy inwestor\u00f3w w poszukiwaniu zyskownych projekt\u00f3w inwestycyjnych. Oferujeny kompleksowe doradztwo we wszystkich istotnych aspektach zwi\u0105zanych z obrotem nieruchomo\u015bciami. Nasz hub inwestycyjny umo\u017cliwia klientom maksymalizacj\u0119 zysk\u00f3w z inwestycji. Profesjonalne doradztwo na rynku inwestycyjnym przynosi naszym klientom wymierne korzy\u015bci, pomagaj\u0105c w podejmowaniu trafnych decyzji biznesowych i wyborze najlepszej strategii inwestycyjnej. Oferujemy wsparcie na ka\u017cdym etapie transakcji \u2013 od dok\u0142adnej oceny, przez marketing nieruchomo\u015bci, a\u017c po zako\u0144czenie negocjacji i finalizacj\u0119 transakcji.Wykonujemy wyceny nieruchomo\u015bci. Sprzeda\u017c nieruchomo\u015bci Oferujemy kompleksowe us\u0142ugi zwi\u0105zane ze sprzeda\u017c\u0105 nieruchomo\u015bci. Posiadamy zlecenia na poszukiwanie nieruchomo\u015bci, co pozwala nam skutecznie znale\u017a\u0107 idealnych kupuj\u0105cych dla ka\u017cdej nieruchomo\u015bci.Nasz zesp\u00f3\u0142 zajmuje si\u0119 prezentowaniem nieruchomo\u015bci naszej grupie inwestycyjnej, co zwi\u0119ksza szanse na szybk\u0105 sprzeda\u017c. Dodatkowo, oferujemy kompleksowe przygotowanie nieruchomo\u015bci do sprzeda\u017cy oraz skuteczn\u0105 realizacj\u0119 transakcji. Jeste\u015bmy tu, aby zapewni\u0107 profesjonalne wsparcie na ka\u017cdym etapie procesu sprzeda\u017cy. Poszukiwanie nieruchomo\u015bci Przyjmujemy do realizacji zlecenia na poszukiwanie konkretnie wskazanych nieruchomo\u015bci. Wsp\u00f3\u0142pracuj\u0105c z nami, ustalamy szczeg\u00f3\u0142owe kryteria, jakie powinna spe\u0142nia\u0107 poszukiwana nieruchomo\u015b\u0107. Dzi\u0119ki naszemu do\u015bwiadczeniu i szerokiej bazie ofert, skutecznie znajdujemy wszelkie nieruchomo\u015bci, kt\u00f3re najlepiej odpowiadaj\u0105 wymaganiom naszych klient\u00f3w Komercjalizacja nieruchomo\u015bci \u015awiadczymy us\u0142ugi komercjalizacji nieruchomo\u015bci, kt\u00f3re obejmuj\u0105 pe\u0142ne wsparcie w zakresie wynajmu i sprzeda\u017cy obiekt\u00f3w komercyjnych. Nasza oferta obejmuje przygotowanie nieruchomo\u015bci do komercjalizacji, poszukiwanie potencjalnych najemc\u00f3w lub nabywc\u00f3w oraz skuteczn\u0105 realizacj\u0119 transakcji. Dzi\u0119ki naszemu do\u015bwiadczeniu i wiedzy o rynku, zapewniamy efektywne zarz\u0105dzanie procesem komercjalizacji, maksymalizuj\u0105c korzy\u015bci dla naszych klient\u00f3w. Obs\u0142uga developer\u00f3w \u015awiadczymy kompleksow\u0105 obs\u0142ug\u0119 deweloper\u00f3w, obejmuj\u0105c\u0105 wyszukiwanie teren\u00f3w pod budow\u0119 nowych projekt\u00f3w deweloperskich oraz sprzeda\u017c wybudowanych nieruchomo\u015bci. Dzi\u0119ki naszym us\u0142ugom, znajd\u0105 Pa\u0144stwo odpowiednie lokalizacje dla przysz\u0142ych inwestycji, a tak\u017ce skutecznie przeprowadzimy proces sprzeda\u017cy gotowych obiekt\u00f3w. Nasze do\u015bwiadczenie i znajomo\u015b\u0107 rynku nieruchomo\u015bci zapewniaj\u0105 efektywne wsparcie na ka\u017cdym etapie realizacji projekt\u00f3w deweloperskich. Obs\u0142uga w\u0142a\u015bcicieli grunt\u00f3w rolnych \u015awiadczymy kompleksow\u0105 obs\u0142ug\u0119 w\u0142a\u015bcicieli grunt\u00f3w rolnych, specjalizuj\u0105c si\u0119 w sprzeda\u017cy i zakupie grunt\u00f3w rolnych oraz ca\u0142ych gospodarstw rolnych. Pomagamy w znalezieniu odpowiednich teren\u00f3w do inwestycji, a tak\u017ce skutecznie zarz\u0105dzamy procesem transakcji zwi\u0105zanych z zakupem lub sprzeda\u017c\u0105 grunt\u00f3w i gospodarstw. Nasze do\u015bwiadczenie i znajomo\u015b\u0107 rynku nieruchomo\u015bci rolnych zapewniaj\u0105 efektywne wsparcie na ka\u017cdym etapie procesu. Retail Parki Oferujemy kompleksow\u0105 obs\u0142ug\u0119 w zakresie Retail Park\u00f3w. Specjalizujemy si\u0119 w wyszukiwaniu grunt\u00f3w idealnych pod budow\u0119 Retail Park\u00f3w oraz w sprzeda\u017cy gotowych obiekt\u00f3w. Dzi\u0119ki naszej szerokiej bazie ofert i znajomo\u015bci rynku, skutecznie znajdziemy odpowiednie tereny dla Pa\u0144stwa inwestycji, a tak\u017ce pomo\u017cemy w nabyciu gotowych Retail Park\u00f3w. Nasze us\u0142ugi gwarantuj\u0105 efektywne wsparcie na ka\u017cdym etapie procesu, od lokalizacji terenu po finalizacj\u0119 zakupu. Projekty inwestycjne Oferujemy obiekty i nieruchomo\u015bci idealne pod r\u00f3\u017cnorodne projekty inwestycyjne. Niezale\u017cnie od rodzaju przedsi\u0119wzi\u0119cia, czy to domy seniora, kliniki, biurowce czy kopalnie surowc\u00f3w zapewniamy starannie wyselekcjonowane nieruchomo\u015bci dopasowane do potrzeb klienta. Nasze do\u015bwiadczenie i znajomo\u015b\u0107 rynku nieruchomo\u015bci pozwalaj\u0105 nam efektywnie wspiera\u0107 klienta inwestycyjnego na ka\u017cdym etapie realizacji projektu. Us\u0142ugi doradcze Oferujemy kompleksowe us\u0142ugi doradcze w zakresie nieruchomo\u015bci, obejmuj\u0105ce ca\u0142y zakres dzia\u0142a\u0144 zwi\u0105zanych z rynkiem nieruchomo\u015bci. Nasze us\u0142ugi obejmuj\u0105 doradztwo przy zakupie i sprzeda\u017cy nieruchomo\u015bci, analiz\u0119 rynkow\u0105, ocen\u0119 warto\u015bci nieruchomo\u015bci, wsparcie przy negocjacjach oraz pomoc w planowaniu inwestycji. Dzi\u0119ki naszym ekspertom, zyskaj\u0105 Pa\u0144stwo pe\u0142ne wsparcie i profesjonalne doradztwo.<\/p>","protected":false},"author":1,"featured_media":0,"parent":0,"menu_order":0,"comment_status":"closed","ping_status":"closed","template":"","meta":{"om_disable_all_campaigns":false,"_monsterinsights_skip_tracking":false,"_monsterinsights_sitenote_active":false,"_monsterinsights_sitenote_note":"","_monsterinsights_sitenote_category":0,"_uf_show_specific_survey":0,"_uf_disable_surveys":false,"footnotes":""},"class_list":["post-212","page","type-page","status-publish","hentry"],"aioseo_notices":[],"jetpack_sharing_enabled":true,"_links":{"self":[{"href":"https:\/\/kbn.com.pl\/en\/wp-json\/wp\/v2\/pages\/212","targetHints":{"allow":["GET"]}}],"collection":[{"href":"https:\/\/kbn.com.pl\/en\/wp-json\/wp\/v2\/pages"}],"about":[{"href":"https:\/\/kbn.com.pl\/en\/wp-json\/wp\/v2\/types\/page"}],"author":[{"embeddable":true,"href":"https:\/\/kbn.com.pl\/en\/wp-json\/wp\/v2\/users\/1"}],"replies":[{"embeddable":true,"href":"https:\/\/kbn.com.pl\/en\/wp-json\/wp\/v2\/comments?post=212"}],"version-history":[{"count":50,"href":"https:\/\/kbn.com.pl\/en\/wp-json\/wp\/v2\/pages\/212\/revisions"}],"predecessor-version":[{"id":394,"href":"https:\/\/kbn.com.pl\/en\/wp-json\/wp\/v2\/pages\/212\/revisions\/394"}],"wp:attachment":[{"href":"https:\/\/kbn.com.pl\/en\/wp-json\/wp\/v2\/media?parent=212"}],"curies":[{"name":"wp","href":"https:\/\/api.w.org\/{rel}","templated":true}]}}